{"id":469,"date":"2024-11-29T03:50:07","date_gmt":"2024-11-29T03:50:07","guid":{"rendered":"https:\/\/www.secret7-tabledance.com\/?page_id=469"},"modified":"2024-11-29T03:50:11","modified_gmt":"2024-11-29T03:50:11","slug":"impressum","status":"publish","type":"page","link":"https:\/\/www.secret7-tabledance.com\/?page_id=469","title":{"rendered":"IMPRESSUM"},"content":{"rendered":"\n  \n    <section class=\"u-clearfix u-section-1\" id=\"sec-fae0\">\n      <div class=\"u-clearfix u-sheet u-sheet-1\">\n        <p class=\"u-text u-text-default u-text-1\">\n          <span class=\"u-text-custom-color-1\" style=\"font-weight: 700;\"> IMPRESSUM<br>\n          <\/span>\n          <br> Vertretungsberechtigter Gesch\u00e4ftsf\u00fchrerin): Ana Maria Ion<br>Telefon: <a href=\"tel:+49(0)8321-7869514\" class=\"u-active-none u-border-none u-btn u-button-link u-button-style u-hover-none u-none u-text-palette-1-base u-btn-1\">+49 (0) 8321-7869514<\/a>\n          <br>Mail: info@secret7-tabledance.com<br>\n          <br>Anschrift:<br>Secret7-tabledance<br>An der Eisenschmelze 14<br>87527 Sonthofen<br>UST-ID: DE1300000076365<br>----------------------------------------------------<br>\n          <span class=\"u-text-custom-color-1\">Haftungsausschluss (Disclaimer) <\/span>\n          <span class=\"u-text-custom-color-1\">\n            <span style=\"font-weight: 700;\"><\/span>\n          <\/span>\n          <br>Haftung f\u00fcr Inhalte<br>Als\n Diensteanbieter sind wir gem\u00e4\u00df \u00a7 7 Abs.1 TMG f\u00fcr eigene Inhalte auf \ndiesen Seiten nach den allgemeinen Gesetzen verantwortlich. Nach \u00a7\u00a7 8 \nbis 10 TMG sind wir als Diensteanbieter jedoch nicht verpflichtet, \n\u00fcbermittelte oder gespeicherte fremde Informationen zu \u00fcberwachen oder \nnach Umst\u00e4nden zu forschen, die auf eine rechtswidrige T\u00e4tigkeit \nhinweisen. Verpflichtungen zur Entfernung oder Sperrung der Nutzung von \nInformationen nach den allgemeinen Gesetzen bleiben hiervon unber\u00fchrt. \nEine diesbez\u00fcgliche Haftung ist jedoch erst ab dem Zeitpunkt der \nKenntnis einer konkreten Rechtsverletzung m\u00f6glich. Bei Bekanntwerden von\n entsprechenden Rechtsverletzungen werden wir diese Inhalte umgehend \nentfernen.&nbsp;<br>\n          <br>------------------------------------------------<br>\n          <br>\n          <span style=\"font-weight: 700;\" class=\"u-text-custom-color-1\">Urheberrecht<\/span>\n          <br>Die durch die Seitenbetreiber \nerstellten Inhalte und Werke auf diesen Seiten unterliegen dem deutschen\n Urheberrecht. Die Vervielf\u00e4ltigung, Bearbeitung, Verbreitung und jede \nArt der Verwertung au\u00dferhalb der Grenzen des Urheberrechtes bed\u00fcrfen der\n schriftlichen Zustimmung des jeweiligen Autors bzw. Erstellers. \nDownloads und Kopien dieser Seite sind nur f\u00fcr den privaten, nicht \nkommerziellen Gebrauch gestattet. Soweit die Inhalte auf dieser Seite \nnicht vom Betreiber erstellt wurden, werden die Urheberrechte Dritter \nbeachtet. Insbesondere werden Inhalte Dritter als solche gekennzeichnet.\n Sollten Sie trotzdem auf eine Urheberrechtsverletzung aufmerksam \nwerden, bitten wir um einen entsprechenden Hinweis. Bei Bekanntwerden \nvon Rechtsverletzungen werden wir derartige Inhalte umgehend entfernen. <br>\n          <br>Quelle: <a href=\"http:\/\/www.e-recht24.de\/\" target=\"_blank\" rel=\"noreferrer noopener\" class=\"u-active-none u-border-none u-btn u-button-style u-hover-none u-none u-text-palette-1-base u-btn-2\">http:\/\/www.e-recht24.de<\/a>\n          <br>\n          <br>------------------------------------------------<br>\n          <br>\n          <span class=\"u-text-custom-color-1\">Keine Abmahnung ohne vorherigen Kontakt! <\/span>\n          <br>Sollte irgendwelcher Inhalt oder die\n designtechnische Gestaltung der Seite fremde Rechte Dritter oder \ngesetzliche Bestimmungen verletzen oder anderweitig in irgendeiner Form \nwettbewerbsrechtliche Probleme hervorbringen, so bitte ich unter \nBerufung auf \u00a7 8 Abs. 4 UWG, um eine angemessene, ausreichend \nerl\u00e4uternde und schnelle Nachricht ohne Kostennote. <br>\n          <br>Ich \ngarantiere, dass die zu Recht beanstandeten Passagen oder Teile dieser \nSeite in angemessener Frist entfernt bzw. den rechtlichen Vorgaben \numf\u00e4nglich angepasst werden, ohne dass von Ihrer Seite die Einschaltung \neines Rechtsbeistandes erforderlich ist. <br>\n          <br>Die Einschaltung eines \nAnwaltes zur f\u00fcr den Dienstanbieter kostenpflichtigen Abmahnung \nentspricht nicht dessen wirklichen oder mutma\u00dflichen Willen und w\u00fcrde \ndamit einen Versto\u00df gegen \u00a7 13 Abs. 5 UWG, wegen der Verfolgung \nsachfremder Ziele als beherrschendes Motiv der Verfahrenseinleitung, \ninsbesondere einer Kostenerzielungsabsicht als eigentliche Triebfeder \nsowie einen Versto\u00df gegen die Schadensminderungspflicht darstellen.<br>\n        <\/p>\n      <\/div>\n    <\/section>\n    \n    \n    \n    \n    \n    \n  \n","protected":false},"excerpt":{"rendered":"<p>IMPRESSUM Vertretungsberechtigter Gesch\u00e4ftsf\u00fchrerin): Ana Maria IonTelefon: +49 (0) 8321-7869514 Mail: info@secret7-tabledance.com Anschrift:Secret7-tabledanceAn der Eisenschmelze 1487527 SonthofenUST-ID: DE1300000076365&#8212;&#8212;&#8212;&#8212;&#8212;&#8212;&#8212;&#8212;&#8212;&#8212;&#8212;&#8212;&#8212;&#8212;&#8212;&#8212;&#8212;- Haftungsausschluss (Disclaimer) Haftung f\u00fcr InhalteAls Diensteanbieter sind wir gem\u00e4\u00df \u00a7 7 Abs.1 TMG f\u00fcr eigene Inhalte auf diesen Seiten nach den allgemeinen Gesetzen verantwortlich. Nach \u00a7\u00a7 8 bis 10 TMG sind wir als Diensteanbieter jedoch nicht verpflichtet, \u00fcbermittelte &hellip; <a href=\"https:\/\/www.secret7-tabledance.com\/?page_id=469\" class=\"more-link\">Continue reading<span class=\"screen-reader-text\"> &#8222;IMPRESSUM&#8220;<\/span><\/a><\/p>\n","protected":false},"author":1,"featured_media":0,"parent":0,"menu_order":1,"comment_status":"closed","ping_status":"closed","template":"","meta":{"footnotes":""},"class_list":["post-469","page","type-page","status-publish","hentry"],"jetpack_sharing_enabled":true,"jetpack_likes_enabled":true,"_links":{"self":[{"href":"https:\/\/www.secret7-tabledance.com\/index.php?rest_route=\/wp\/v2\/pages\/469","targetHints":{"allow":["GET"]}}],"collection":[{"href":"https:\/\/www.secret7-tabledance.com\/index.php?rest_route=\/wp\/v2\/pages"}],"about":[{"href":"https:\/\/www.secret7-tabledance.com\/index.php?rest_route=\/wp\/v2\/types\/page"}],"author":[{"embeddable":true,"href":"https:\/\/www.secret7-tabledance.com\/index.php?rest_route=\/wp\/v2\/users\/1"}],"replies":[{"embeddable":true,"href":"https:\/\/www.secret7-tabledance.com\/index.php?rest_route=%2Fwp%2Fv2%2Fcomments&post=469"}],"version-history":[{"count":1,"href":"https:\/\/www.secret7-tabledance.com\/index.php?rest_route=\/wp\/v2\/pages\/469\/revisions"}],"predecessor-version":[{"id":478,"href":"https:\/\/www.secret7-tabledance.com\/index.php?rest_route=\/wp\/v2\/pages\/469\/revisions\/478"}],"wp:attachment":[{"href":"https:\/\/www.secret7-tabledance.com\/index.php?rest_route=%2Fwp%2Fv2%2Fmedia&parent=469"}],"curies":[{"name":"wp","href":"https:\/\/api.w.org\/{rel}","templated":true}]}}